{"id":172,"date":"2021-03-29T17:24:35","date_gmt":"2021-03-29T16:24:35","guid":{"rendered":"https:\/\/www.dls-kleemann.de\/?page_id=172"},"modified":"2021-07-23T09:53:05","modified_gmt":"2021-07-23T08:53:05","slug":"transport-service","status":"publish","type":"page","link":"https:\/\/www.dls-kleemann.de\/?page_id=172","title":{"rendered":"Transport-Service"},"content":{"rendered":"\n<figure class=\"wp-block-image is-resized\"><img loading=\"lazy\" decoding=\"async\" src=\"https:\/\/www.dls-kleemann.de\/wp-content\/uploads\/2019\/09\/auto.jpg\" alt=\"Dieses Bild hat ein leeres Alt-Attribut. Der Dateiname ist auto.jpg\" width=\"60\" height=\"60\"\/><\/figure>\n\n\n\n<p>Wir bieten nachfolgende Transportleistungen an.<br>Fahrzeug\u00fcberf\u00fchrungen \/ Maschinentransport<\/p>\n\n\n\n<ul class=\"wp-block-list\"><li>Neu- und Gebrauchtfahrzeugabholung<\/li><li>R\u00fccktransport von Miet- und Leasingfahrzeugen<\/li><li>Land- und Baumaschinentransporte<\/li><li>Wohnwagen und Wohnmobil\u00fcberf\u00fchrungen<\/li><li>LKW \u00dcberf\u00fchrungen auf eigener Achse<\/li><li>Transport von Baustoffen und \u00e4hnlichen Paletten G\u00fctern<br><br>Fahrzeug-\/Maschinentransporte k\u00f6nnen wir Ihnen mit unserem Tieflader oder einem Autotransportanh\u00e4nger anbieten.<br><br>Technische Daten <br><strong>Tieflader:<\/strong><br>Nutzlast: 2800 kg<br><strong><span class=\"has-inline-color has-vivid-cyan-blue-color\">Innenma\u00df:<\/span><\/strong><br>L\u00e4nge: 4 m<br>Breite: 1,80 m<br>H\u00f6he: 30 cm<br>100 km\/h Zulassung<\/li><\/ul>\n\n\n\n<figure class=\"wp-block-gallery columns-2 is-cropped wp-block-gallery-1 is-layout-flex wp-block-gallery-is-layout-flex\"><ul class=\"blocks-gallery-grid\"><li class=\"blocks-gallery-item\"><figure><img loading=\"lazy\" decoding=\"async\" width=\"1024\" height=\"444\" src=\"https:\/\/www.dls-kleemann.de\/wp-content\/uploads\/2021\/03\/Transport-1024x444.jpg\" alt=\"\" data-id=\"182\" data-link=\"https:\/\/www.dls-kleemann.de\/?attachment_id=182\" class=\"wp-image-182\" srcset=\"https:\/\/www.dls-kleemann.de\/wp-content\/uploads\/2021\/03\/Transport-1024x444.jpg 1024w, https:\/\/www.dls-kleemann.de\/wp-content\/uploads\/2021\/03\/Transport-300x130.jpg 300w, https:\/\/www.dls-kleemann.de\/wp-content\/uploads\/2021\/03\/Transport-768x333.jpg 768w, https:\/\/www.dls-kleemann.de\/wp-content\/uploads\/2021\/03\/Transport.jpg 1397w\" sizes=\"auto, (max-width: 767px) 89vw, (max-width: 1000px) 54vw, (max-width: 1071px) 543px, 580px\" \/><\/figure><\/li><li class=\"blocks-gallery-item\"><figure><img loading=\"lazy\" decoding=\"async\" width=\"1024\" height=\"476\" src=\"https:\/\/www.dls-kleemann.de\/wp-content\/uploads\/2021\/03\/Transport-1-1024x476.jpg\" alt=\"\" data-id=\"183\" data-full-url=\"https:\/\/www.dls-kleemann.de\/wp-content\/uploads\/2021\/03\/Transport-1.jpg\" data-link=\"https:\/\/www.dls-kleemann.de\/?attachment_id=183\" class=\"wp-image-183\" srcset=\"https:\/\/www.dls-kleemann.de\/wp-content\/uploads\/2021\/03\/Transport-1-1024x476.jpg 1024w, https:\/\/www.dls-kleemann.de\/wp-content\/uploads\/2021\/03\/Transport-1-300x139.jpg 300w, https:\/\/www.dls-kleemann.de\/wp-content\/uploads\/2021\/03\/Transport-1-768x357.jpg 768w, https:\/\/www.dls-kleemann.de\/wp-content\/uploads\/2021\/03\/Transport-1.jpg 1053w\" sizes=\"auto, (max-width: 767px) 89vw, (max-width: 1000px) 54vw, (max-width: 1071px) 543px, 580px\" \/><\/figure><\/li><\/ul><\/figure>\n\n\n\n<p>Technische Daten Tandemzug<br><strong>Lkw 616:<\/strong><br>Nutzlast: 3015 kg<br><strong><span class=\"has-inline-color has-vivid-cyan-blue-color\">Innenma\u00df:<\/span><\/strong><br>L\u00e4nge: 3,60 m<br>Breite: 2,20 m<br>H\u00f6he: 36 cm<\/p>\n\n\n\n<p class=\"has-text-align-left\"><strong>R\u00fcckw\u00e4rtskipper, elektrisch<\/strong><br>Nutzlast: 1385 kg<br><strong><span class=\"has-inline-color has-vivid-cyan-blue-color\">Innenma\u00df:<\/span><br><\/strong>L\u00e4nge: 2,4 m<br>Breite: 1,45 m<br>H\u00f6he: 30 cm<\/p>\n\n\n\n<figure class=\"wp-block-image size-large\"><img loading=\"lazy\" decoding=\"async\" width=\"1024\" height=\"768\" src=\"https:\/\/www.dls-kleemann.de\/wp-content\/uploads\/2021\/07\/Lkw-DB-616-1024x768.jpeg\" alt=\"\" class=\"wp-image-277\" srcset=\"https:\/\/www.dls-kleemann.de\/wp-content\/uploads\/2021\/07\/Lkw-DB-616-1024x768.jpeg 1024w, https:\/\/www.dls-kleemann.de\/wp-content\/uploads\/2021\/07\/Lkw-DB-616-300x225.jpeg 300w, https:\/\/www.dls-kleemann.de\/wp-content\/uploads\/2021\/07\/Lkw-DB-616-768x576.jpeg 768w, https:\/\/www.dls-kleemann.de\/wp-content\/uploads\/2021\/07\/Lkw-DB-616-1536x1152.jpeg 1536w, https:\/\/www.dls-kleemann.de\/wp-content\/uploads\/2021\/07\/Lkw-DB-616.jpeg 2048w\" sizes=\"auto, (max-width: 767px) 89vw, (max-width: 1000px) 54vw, (max-width: 1071px) 543px, 580px\" \/><\/figure>\n","protected":false},"excerpt":{"rendered":"<p>Wir bieten nachfolgende Transportleistungen an.Fahrzeug\u00fcberf\u00fchrungen \/ Maschinentransport Neu- und Gebrauchtfahrzeugabholung R\u00fccktransport von Miet- und Leasingfahrzeugen Land- und Baumaschinentransporte Wohnwagen und Wohnmobil\u00fcberf\u00fchrungen LKW \u00dcberf\u00fchrungen auf eigener Achse Transport von Baustoffen und \u00e4hnlichen Paletten G\u00fctern Fahrzeug-\/Maschinentransporte k\u00f6nnen wir Ihnen mit unserem Tieflader oder einem Autotransportanh\u00e4nger anbieten. Technische Daten Tieflader:Nutzlast: 2800 kgInnenma\u00df:L\u00e4nge: 4 mBreite: 1,80 mH\u00f6he: 30 cm100 &hellip; <\/p>\n<p class=\"link-more\"><a href=\"https:\/\/www.dls-kleemann.de\/?page_id=172\" class=\"more-link\"><span class=\"screen-reader-text\">\u201eTransport-Service\u201c <\/span>weiterlesen<\/a><\/p>\n","protected":false},"author":2,"featured_media":0,"parent":0,"menu_order":0,"comment_status":"closed","ping_status":"closed","template":"","meta":{"footnotes":""},"class_list":["post-172","page","type-page","status-publish","hentry"],"_links":{"self":[{"href":"https:\/\/www.dls-kleemann.de\/index.php?rest_route=\/wp\/v2\/pages\/172","targetHints":{"allow":["GET"]}}],"collection":[{"href":"https:\/\/www.dls-kleemann.de\/index.php?rest_route=\/wp\/v2\/pages"}],"about":[{"href":"https:\/\/www.dls-kleemann.de\/index.php?rest_route=\/wp\/v2\/types\/page"}],"author":[{"embeddable":true,"href":"https:\/\/www.dls-kleemann.de\/index.php?rest_route=\/wp\/v2\/users\/2"}],"replies":[{"embeddable":true,"href":"https:\/\/www.dls-kleemann.de\/index.php?rest_route=%2Fwp%2Fv2%2Fcomments&post=172"}],"version-history":[{"count":0,"href":"https:\/\/www.dls-kleemann.de\/index.php?rest_route=\/wp\/v2\/pages\/172\/revisions"}],"wp:attachment":[{"href":"https:\/\/www.dls-kleemann.de\/index.php?rest_route=%2Fwp%2Fv2%2Fmedia&parent=172"}],"curies":[{"name":"wp","href":"https:\/\/api.w.org\/{rel}","templated":true}]}}