{"id":27,"date":"2019-06-11T11:26:25","date_gmt":"2019-06-11T10:26:25","guid":{"rendered":"https:\/\/www.dls-kleemann.de\/?page_id=27"},"modified":"2021-07-23T09:44:18","modified_gmt":"2021-07-23T08:44:18","slug":"bau-service","status":"publish","type":"page","link":"https:\/\/www.dls-kleemann.de\/?page_id=27","title":{"rendered":"Bau-Service"},"content":{"rendered":"\n<figure class=\"wp-block-image is-resized\"><img loading=\"lazy\" decoding=\"async\" src=\"https:\/\/www.dls-kleemann.de\/wp-content\/uploads\/2019\/09\/Bagger.jpg\" alt=\"\" class=\"wp-image-132\" width=\"57\" height=\"56\" srcset=\"https:\/\/www.dls-kleemann.de\/wp-content\/uploads\/2019\/09\/Bagger.jpg 156w, https:\/\/www.dls-kleemann.de\/wp-content\/uploads\/2019\/09\/Bagger-150x150.jpg 150w, https:\/\/www.dls-kleemann.de\/wp-content\/uploads\/2019\/09\/Bagger-100x100.jpg 100w\" sizes=\"auto, (max-width: 57px) 100vw, 57px\" \/><\/figure>\n\n\n\n<div class=\"wp-block-image is-style-rounded\"><figure class=\"alignright is-resized\"><img loading=\"lazy\" decoding=\"async\" src=\"https:\/\/www.dls-kleemann.de\/wp-content\/uploads\/2019\/06\/bstkl.gif\" alt=\"\" class=\"wp-image-44\" width=\"97\" height=\"58\"\/><\/figure><\/div>\n\n\n\n<p>Gartenprojekte &#8211; von der Idee \u00fcber die Planung zur Umsetzung<\/p>\n\n\n\n<p><strong><span class=\"has-inline-color has-luminous-vivid-orange-color\">Minibaggerarbeiten<\/span><\/strong><\/p>\n\n\n\n<p>Sie haben folgendes Szenario wie z.B.:<br>Erde abtragen, Geb\u00e4udemauer freilegen, Teich oder Pool anlegen, Heckenentfernung, Baumwurzelentsorgung, Graben s\u00e4ubern oder Sch\u00e4chte f\u00fcr Rohrleitungen<br><span class=\"has-inline-color has-vivid-cyan-blue-color\">&#8222;Spaten, Schubkarre und Muskelkater sind Ihre besten Freunde&#8220;<\/span><br>Das muss nicht sein. Wir bieten L\u00f6sungen auch f\u00fcr engste R\u00e4ume. Mit unseren Kooperationspartnern k\u00f6nnen wir auch auf gr\u00f6\u00dfere Situationen reagieren.<\/p>\n\n\n\n<p><a href=\"https:\/\/www.dls-kleemann.de\/?page_id=71\">Kontaktieren<\/a> Sie uns einfach, gerne kommen wir bei Ihnen pers\u00f6nlich vorbei, schauen uns die \u00f6rtlichen Gegebenheiten an und erstellen Ihnen ein unverbindliches Angebot.<\/p>\n\n\n\n<p><strong><span class=\"has-inline-color has-luminous-vivid-orange-color\">Kleinere Abbrucharbeiten<\/span><\/strong><\/p>\n\n\n\n<p>Wir \u00fcbernehmen kleinere Abbrucharbeiten wie z.B. Terassen, Gartenmauer, Z\u00e4une usw.<\/p>\n\n\n\n<p><a href=\"https:\/\/www.dls-kleemann.de\/?page_id=71\">Kontaktieren<\/a> Sie uns einfach, gerne kommen wir bei Ihnen pers\u00f6nlich vorbei, schauen uns die \u00f6rtlichen Gegebenheiten an und erstellen Ihnen ein unverbindliches Angebot.<\/p>\n\n\n\n<p><span class=\"has-inline-color has-luminous-vivid-orange-color\"><strong>An- und Abtransport von Material<\/strong><\/span><\/p>\n\n\n\n<p>Wir k\u00f6nnen mit unserem Tandemzug aktuell bis zu 4,4 Tonnen transportieren.<br>Gr\u00f6\u00dfere Mengen sind \u00fcber unseren Kooperationspartner m\u00f6glich.<\/p>\n\n\n\n<p>Nachfolgende Sch\u00fcttg\u00fcter k\u00f6nnen \u00fcber uns bezogen werden.<\/p>\n\n\n\n<figure class=\"wp-block-gallery columns-3 is-cropped wp-block-gallery-1 is-layout-flex wp-block-gallery-is-layout-flex\"><ul class=\"blocks-gallery-grid\"><li class=\"blocks-gallery-item\"><figure><img loading=\"lazy\" decoding=\"async\" width=\"300\" height=\"200\" src=\"https:\/\/www.dls-kleemann.de\/wp-content\/uploads\/2021\/05\/Basalt-90-150_k-1-300x200-2.jpg\" alt=\"\" data-id=\"218\" data-full-url=\"https:\/\/www.dls-kleemann.de\/wp-content\/uploads\/2021\/05\/Basalt-90-150_k-1-300x200-2.jpg\" data-link=\"https:\/\/www.dls-kleemann.de\/?attachment_id=218\" class=\"wp-image-218\"\/><figcaption class=\"blocks-gallery-item__caption\"><a href=\"https:\/\/www.dls-kleemann.de\/wp-content\/uploads\/2021\/05\/Basalt-90-150_k-1-1024x682-1.jpg\" target=\"_blank\" rel=\"noreferrer noopener\"><span class=\"has-inline-color has-white-color\">Basalt 90-150<\/span><\/a><\/figcaption><\/figure><\/li><li class=\"blocks-gallery-item\"><figure><img loading=\"lazy\" decoding=\"async\" width=\"300\" height=\"200\" src=\"https:\/\/www.dls-kleemann.de\/wp-content\/uploads\/2021\/05\/Kalksteine-90-150_k-1-300x200-1.jpg\" alt=\"\" data-id=\"198\" data-link=\"https:\/\/www.dls-kleemann.de\/?attachment_id=198\" class=\"wp-image-198\"\/><figcaption class=\"blocks-gallery-item__caption\"><a href=\"https:\/\/www.dls-kleemann.de\/wp-content\/uploads\/2021\/05\/Kalksteine-90-150_k-1-1024x682-1.jpg\" target=\"_blank\" rel=\"noreferrer noopener\"><span class=\"has-inline-color has-white-color\">Kalkstein 90-150<\/span><\/a><\/figcaption><\/figure><\/li><li class=\"blocks-gallery-item\"><figure><img loading=\"lazy\" decoding=\"async\" width=\"300\" height=\"200\" src=\"https:\/\/www.dls-kleemann.de\/wp-content\/uploads\/2021\/05\/Kalksplit-0-12_k-1-300x200-1.jpg\" alt=\"Kalksplit 0-12\" data-id=\"199\" data-link=\"https:\/\/www.dls-kleemann.de\/?attachment_id=199\" class=\"wp-image-199\"\/><figcaption class=\"blocks-gallery-item__caption\"><a href=\"https:\/\/www.dls-kleemann.de\/wp-content\/uploads\/2021\/05\/Kalksplit-0-12_k-1-1024x682-1.jpg\" target=\"_blank\" rel=\"noreferrer noopener\"><span class=\"has-inline-color has-white-color\">Kalksplit 0-12<\/span><\/a><\/figcaption><\/figure><\/li><li class=\"blocks-gallery-item\"><figure><img loading=\"lazy\" decoding=\"async\" width=\"300\" height=\"200\" src=\"https:\/\/www.dls-kleemann.de\/wp-content\/uploads\/2021\/05\/Baustoffgem-0-16-Basalt_k-1-300x200-1.jpg\" alt=\"\" data-id=\"200\" data-link=\"https:\/\/www.dls-kleemann.de\/?attachment_id=200\" class=\"wp-image-200\"\/><figcaption class=\"blocks-gallery-item__caption\"><a href=\"https:\/\/www.dls-kleemann.de\/wp-content\/uploads\/2021\/05\/Baustoffgem-0-16-Basalt_k-1-1024x682-1.jpg\" target=\"_blank\" rel=\"noreferrer noopener\"><span class=\"has-inline-color has-white-color\">Baustoffgemisch 0-16 Basal<\/span>t<\/a><\/figcaption><\/figure><\/li><li class=\"blocks-gallery-item\"><figure><img loading=\"lazy\" decoding=\"async\" width=\"300\" height=\"200\" src=\"https:\/\/www.dls-kleemann.de\/wp-content\/uploads\/2021\/05\/Basaltschotter-32-56_k-1-300x200-1.jpg\" alt=\"\" data-id=\"202\" data-link=\"https:\/\/www.dls-kleemann.de\/?attachment_id=202\" class=\"wp-image-202\"\/><figcaption class=\"blocks-gallery-item__caption\"><a href=\"https:\/\/www.dls-kleemann.de\/wp-content\/uploads\/2021\/05\/Basaltschotter-32-56_k-1-1024x682-1.jpg\" target=\"_blank\" rel=\"noreferrer noopener\"><span class=\"has-inline-color has-white-color\">Basaltschotter 32-56<\/span><\/a><\/figcaption><\/figure><\/li><li class=\"blocks-gallery-item\"><figure><img loading=\"lazy\" decoding=\"async\" width=\"300\" height=\"200\" src=\"https:\/\/www.dls-kleemann.de\/wp-content\/uploads\/2021\/05\/Basaltschotter-16-32_k-1-300x200-1.jpg\" alt=\"\" data-id=\"201\" data-link=\"https:\/\/www.dls-kleemann.de\/?attachment_id=201\" class=\"wp-image-201\"\/><figcaption class=\"blocks-gallery-item__caption\"><a href=\"https:\/\/www.dls-kleemann.de\/wp-content\/uploads\/2021\/05\/Basaltschotter-16-32_k-1-1024x682-1.jpg\" target=\"_blank\" rel=\"noreferrer noopener\"><span class=\"has-inline-color has-white-color\">Basaltschotter 16-32<\/span><\/a><\/figcaption><\/figure><\/li><li class=\"blocks-gallery-item\"><figure><img loading=\"lazy\" decoding=\"async\" width=\"300\" height=\"200\" src=\"https:\/\/www.dls-kleemann.de\/wp-content\/uploads\/2021\/05\/Mineralgemisch-0-32_k-1-300x200-1.jpg\" alt=\"\" data-id=\"203\" data-link=\"https:\/\/www.dls-kleemann.de\/?attachment_id=203\" class=\"wp-image-203\"\/><figcaption class=\"blocks-gallery-item__caption\"><a href=\"https:\/\/www.dls-kleemann.de\/wp-content\/uploads\/2021\/05\/Mineralgemisch-0-32_k-1-1024x682-1.jpg\" target=\"_blank\" rel=\"noreferrer noopener\"><span class=\"has-inline-color has-white-color\">Mineralgemisch 0-32<\/span><\/a><\/figcaption><\/figure><\/li><li class=\"blocks-gallery-item\"><figure><img loading=\"lazy\" decoding=\"async\" width=\"300\" height=\"200\" src=\"https:\/\/www.dls-kleemann.de\/wp-content\/uploads\/2021\/05\/Basalt-0-32_k-1-300x200-1.jpg\" alt=\"\" data-id=\"204\" data-link=\"https:\/\/www.dls-kleemann.de\/?attachment_id=204\" class=\"wp-image-204\"\/><figcaption class=\"blocks-gallery-item__caption\"><a href=\"https:\/\/www.dls-kleemann.de\/wp-content\/uploads\/2021\/05\/Basalt-0-32_k-1-1024x682-1.jpg\" target=\"_blank\" rel=\"noreferrer noopener\"><span class=\"has-inline-color has-white-color\">Basalt 0-32<\/span><\/a><\/figcaption><\/figure><\/li><li class=\"blocks-gallery-item\"><figure><img loading=\"lazy\" decoding=\"async\" width=\"300\" height=\"200\" src=\"https:\/\/www.dls-kleemann.de\/wp-content\/uploads\/2021\/05\/Lava-16-32_k-1-300x200-1.jpg\" alt=\"\" data-id=\"205\" data-link=\"https:\/\/www.dls-kleemann.de\/?attachment_id=205\" class=\"wp-image-205\"\/><figcaption class=\"blocks-gallery-item__caption\"><a href=\"https:\/\/www.dls-kleemann.de\/wp-content\/uploads\/2021\/05\/Lava-16-32_k-1-1024x682-1.jpg\" target=\"_blank\" rel=\"noreferrer noopener\"><span class=\"has-inline-color has-white-color\">Lava 16-32<\/span><\/a><\/figcaption><\/figure><\/li><li class=\"blocks-gallery-item\"><figure><img loading=\"lazy\" decoding=\"async\" width=\"300\" height=\"200\" src=\"https:\/\/www.dls-kleemann.de\/wp-content\/uploads\/2021\/05\/Lava-0-45_k-1-300x200-1.jpg\" alt=\"\" data-id=\"206\" data-link=\"https:\/\/www.dls-kleemann.de\/?attachment_id=206\" class=\"wp-image-206\"\/><figcaption class=\"blocks-gallery-item__caption\"><a href=\"https:\/\/www.dls-kleemann.de\/wp-content\/uploads\/2021\/05\/Lava-0-45_k-1-1024x682-1.jpg\" target=\"_blank\" rel=\"noreferrer noopener\"><span class=\"has-inline-color has-white-color\">Lava 0-45<\/span><\/a><\/figcaption><\/figure><\/li><li class=\"blocks-gallery-item\"><figure><img loading=\"lazy\" decoding=\"async\" width=\"300\" height=\"200\" src=\"https:\/\/www.dls-kleemann.de\/wp-content\/uploads\/2021\/05\/Rheinsand-0-2-grau-3-fach-gewaschen_k-1-300x200-1.jpg\" alt=\"\" data-id=\"207\" data-link=\"https:\/\/www.dls-kleemann.de\/?attachment_id=207\" class=\"wp-image-207\"\/><figcaption class=\"blocks-gallery-item__caption\"><a href=\"https:\/\/www.dls-kleemann.de\/wp-content\/uploads\/2021\/05\/Rheinsand-0-2-grau-3-fach-gewaschen_k-1-1024x682-1.jpg\" target=\"_blank\" rel=\"noreferrer noopener\"><span class=\"has-inline-color has-white-color\">Rheinsand 0-2 3-fach gewaschen<\/span><\/a><\/figcaption><\/figure><\/li><li class=\"blocks-gallery-item\"><figure><img loading=\"lazy\" decoding=\"async\" width=\"300\" height=\"200\" src=\"https:\/\/www.dls-kleemann.de\/wp-content\/uploads\/2021\/05\/Kelsterbachsand-2-fach-gewaschen_k-1-300x200-1.jpg\" alt=\"\" data-id=\"208\" data-link=\"https:\/\/www.dls-kleemann.de\/?attachment_id=208\" class=\"wp-image-208\"\/><figcaption class=\"blocks-gallery-item__caption\"><a href=\"https:\/\/www.dls-kleemann.de\/wp-content\/uploads\/2021\/05\/Kelsterbachsand-2-fach-gewaschen_k-1024x682-1.jpg\" target=\"_blank\" rel=\"noreferrer noopener\"><span class=\"has-inline-color has-white-color\">Kelsterbachsand 2-fach gewaschen<\/span><\/a><\/figcaption><\/figure><\/li><li class=\"blocks-gallery-item\"><figure><img loading=\"lazy\" decoding=\"async\" width=\"300\" height=\"200\" src=\"https:\/\/www.dls-kleemann.de\/wp-content\/uploads\/2021\/05\/Estrichsand-0-8_k-300x200-1.jpg\" alt=\"\" data-id=\"209\" data-link=\"https:\/\/www.dls-kleemann.de\/?attachment_id=209\" class=\"wp-image-209\"\/><figcaption class=\"blocks-gallery-item__caption\"><a href=\"https:\/\/www.dls-kleemann.de\/wp-content\/uploads\/2021\/05\/Estrichsand-0-8_k-1024x683-1.jpg\" target=\"_blank\" rel=\"noreferrer noopener\"><span class=\"has-inline-color has-white-color\">Estrichsand 0-8<\/span><\/a><\/figcaption><\/figure><\/li><li class=\"blocks-gallery-item\"><figure><img loading=\"lazy\" decoding=\"async\" width=\"300\" height=\"200\" src=\"https:\/\/www.dls-kleemann.de\/wp-content\/uploads\/2021\/05\/Kies-0-32-1-300x200-1.jpg\" alt=\"\" data-id=\"210\" data-link=\"https:\/\/www.dls-kleemann.de\/?attachment_id=210\" class=\"wp-image-210\"\/><figcaption class=\"blocks-gallery-item__caption\"><a href=\"https:\/\/www.dls-kleemann.de\/wp-content\/uploads\/2021\/05\/Kies-0-32-1-1024x682-1.jpg\" target=\"_blank\" rel=\"noreferrer noopener\"><span class=\"has-inline-color has-white-color\">Kies 0-32<\/span><\/a><\/figcaption><\/figure><\/li><li class=\"blocks-gallery-item\"><figure><img loading=\"lazy\" decoding=\"async\" width=\"300\" height=\"200\" src=\"https:\/\/www.dls-kleemann.de\/wp-content\/uploads\/2021\/05\/Edelsplit-2-5_k-1-300x200-1.jpg\" alt=\"\" data-id=\"211\" data-link=\"https:\/\/www.dls-kleemann.de\/?attachment_id=211\" class=\"wp-image-211\"\/><figcaption class=\"blocks-gallery-item__caption\"><a rel=\"noreferrer noopener\" href=\"https:\/\/www.dls-kleemann.de\/wp-content\/uploads\/2021\/05\/Edelsplit-2-5_k-1024x682-1.jpg\" target=\"_blank\"><span class=\"has-inline-color has-white-color\">Edelsplit 2-5<\/span><\/a><\/figcaption><\/figure><\/li><li class=\"blocks-gallery-item\"><figure><img loading=\"lazy\" decoding=\"async\" width=\"300\" height=\"200\" src=\"https:\/\/www.dls-kleemann.de\/wp-content\/uploads\/2021\/05\/Mutterboden_k-1-300x200-1.jpg\" alt=\"\" data-id=\"212\" data-link=\"https:\/\/www.dls-kleemann.de\/?attachment_id=212\" class=\"wp-image-212\"\/><figcaption class=\"blocks-gallery-item__caption\"><code><kbd><a href=\"https:\/\/www.dls-kleemann.de\/wp-content\/uploads\/2021\/05\/Mutterboden_k-1-1024x683-1.jpg\" target=\"_blank\" rel=\"noreferrer noopener\"><span class=\"has-inline-color has-white-color\">gesiebter Mutterboden<\/span><\/a><\/kbd><\/code><\/figcaption><\/figure><\/li><li class=\"blocks-gallery-item\"><figure><img loading=\"lazy\" decoding=\"async\" width=\"336\" height=\"335\" src=\"https:\/\/www.dls-kleemann.de\/wp-content\/uploads\/2021\/05\/Logo2.jpeg\" alt=\"\" data-id=\"213\" data-link=\"https:\/\/www.dls-kleemann.de\/?attachment_id=213\" class=\"wp-image-213\" srcset=\"https:\/\/www.dls-kleemann.de\/wp-content\/uploads\/2021\/05\/Logo2.jpeg 336w, https:\/\/www.dls-kleemann.de\/wp-content\/uploads\/2021\/05\/Logo2-300x300.jpeg 300w, https:\/\/www.dls-kleemann.de\/wp-content\/uploads\/2021\/05\/Logo2-150x150.jpeg 150w, https:\/\/www.dls-kleemann.de\/wp-content\/uploads\/2021\/05\/Logo2-100x100.jpeg 100w\" sizes=\"auto, (max-width: 336px) 100vw, 336px\" \/><\/figure><\/li><\/ul><\/figure>\n\n\n\n<p><\/p>\n","protected":false},"excerpt":{"rendered":"<p>Gartenprojekte &#8211; von der Idee \u00fcber die Planung zur Umsetzung Minibaggerarbeiten Sie haben folgendes Szenario wie z.B.:Erde abtragen, Geb\u00e4udemauer freilegen, Teich oder Pool anlegen, Heckenentfernung, Baumwurzelentsorgung, Graben s\u00e4ubern oder Sch\u00e4chte f\u00fcr Rohrleitungen&#8222;Spaten, Schubkarre und Muskelkater sind Ihre besten Freunde&#8220;Das muss nicht sein. Wir bieten L\u00f6sungen auch f\u00fcr engste R\u00e4ume. Mit unseren Kooperationspartnern k\u00f6nnen wir auch &hellip; <\/p>\n<p class=\"link-more\"><a href=\"https:\/\/www.dls-kleemann.de\/?page_id=27\" class=\"more-link\"><span class=\"screen-reader-text\">\u201eBau-Service\u201c <\/span>weiterlesen<\/a><\/p>\n","protected":false},"author":2,"featured_media":0,"parent":0,"menu_order":0,"comment_status":"closed","ping_status":"closed","template":"","meta":{"footnotes":""},"class_list":["post-27","page","type-page","status-publish","hentry"],"_links":{"self":[{"href":"https:\/\/www.dls-kleemann.de\/index.php?rest_route=\/wp\/v2\/pages\/27","targetHints":{"allow":["GET"]}}],"collection":[{"href":"https:\/\/www.dls-kleemann.de\/index.php?rest_route=\/wp\/v2\/pages"}],"about":[{"href":"https:\/\/www.dls-kleemann.de\/index.php?rest_route=\/wp\/v2\/types\/page"}],"author":[{"embeddable":true,"href":"https:\/\/www.dls-kleemann.de\/index.php?rest_route=\/wp\/v2\/users\/2"}],"replies":[{"embeddable":true,"href":"https:\/\/www.dls-kleemann.de\/index.php?rest_route=%2Fwp%2Fv2%2Fcomments&post=27"}],"version-history":[{"count":0,"href":"https:\/\/www.dls-kleemann.de\/index.php?rest_route=\/wp\/v2\/pages\/27\/revisions"}],"wp:attachment":[{"href":"https:\/\/www.dls-kleemann.de\/index.php?rest_route=%2Fwp%2Fv2%2Fmedia&parent=27"}],"curies":[{"name":"wp","href":"https:\/\/api.w.org\/{rel}","templated":true}]}}