{"id":29,"date":"2019-06-11T11:26:26","date_gmt":"2019-06-11T10:26:26","guid":{"rendered":"https:\/\/www.dls-kleemann.de\/?page_id=29"},"modified":"2019-09-02T12:53:57","modified_gmt":"2019-09-02T11:53:57","slug":"sonstiges","status":"publish","type":"page","link":"https:\/\/www.dls-kleemann.de\/?page_id=29","title":{"rendered":"Sonstiges"},"content":{"rendered":"\n<figure class=\"wp-block-image is-resized\"><img loading=\"lazy\" decoding=\"async\" src=\"https:\/\/www.dls-kleemann.de\/wp-content\/uploads\/2019\/09\/Haus.jpg\" alt=\"\" class=\"wp-image-138\" width=\"64\" height=\"65\" srcset=\"https:\/\/www.dls-kleemann.de\/wp-content\/uploads\/2019\/09\/Haus.jpg 156w, https:\/\/www.dls-kleemann.de\/wp-content\/uploads\/2019\/09\/Haus-150x150.jpg 150w, https:\/\/www.dls-kleemann.de\/wp-content\/uploads\/2019\/09\/Haus-100x100.jpg 100w\" sizes=\"auto, (max-width: 64px) 100vw, 64px\" \/><\/figure>\n\n\n\n<p>Sie wurden nicht f\u00fcndig oder sind nach was speziellem auf der Suche?<\/p>\n\n\n\n<p>Kein Problem. <\/p>\n\n\n\n<p>Mit unseren Kooperationspartnern k\u00f6nnen wir auf die meisten Anforderungen reagieren.<\/p>\n\n\n\n<p>Ben\u00fctzen Sie einfach unser <a href=\"https:\/\/www.dls-kleemann.de\/?page_id=71\">Kontaktformular<\/a> f\u00fcr ein unverbindliches Angebot.<\/p>\n\n\n\n<p>Wir freuen uns auf Sie <\/p>\n\n\n\n<p>Ihr Team vom DLS Kleemann <\/p>\n","protected":false},"excerpt":{"rendered":"<p>Sie wurden nicht f\u00fcndig oder sind nach was speziellem auf der Suche? Kein Problem. Mit unseren Kooperationspartnern k\u00f6nnen wir auf die meisten Anforderungen reagieren. Ben\u00fctzen Sie einfach unser Kontaktformular f\u00fcr ein unverbindliches Angebot. Wir freuen uns auf Sie Ihr Team vom DLS Kleemann<\/p>\n","protected":false},"author":2,"featured_media":0,"parent":0,"menu_order":0,"comment_status":"closed","ping_status":"closed","template":"","meta":{"footnotes":""},"class_list":["post-29","page","type-page","status-publish","hentry"],"_links":{"self":[{"href":"https:\/\/www.dls-kleemann.de\/index.php?rest_route=\/wp\/v2\/pages\/29","targetHints":{"allow":["GET"]}}],"collection":[{"href":"https:\/\/www.dls-kleemann.de\/index.php?rest_route=\/wp\/v2\/pages"}],"about":[{"href":"https:\/\/www.dls-kleemann.de\/index.php?rest_route=\/wp\/v2\/types\/page"}],"author":[{"embeddable":true,"href":"https:\/\/www.dls-kleemann.de\/index.php?rest_route=\/wp\/v2\/users\/2"}],"replies":[{"embeddable":true,"href":"https:\/\/www.dls-kleemann.de\/index.php?rest_route=%2Fwp%2Fv2%2Fcomments&post=29"}],"version-history":[{"count":0,"href":"https:\/\/www.dls-kleemann.de\/index.php?rest_route=\/wp\/v2\/pages\/29\/revisions"}],"wp:attachment":[{"href":"https:\/\/www.dls-kleemann.de\/index.php?rest_route=%2Fwp%2Fv2%2Fmedia&parent=29"}],"curies":[{"name":"wp","href":"https:\/\/api.w.org\/{rel}","templated":true}]}}