{"id":294,"date":"2021-07-23T16:14:36","date_gmt":"2021-07-23T15:14:36","guid":{"rendered":"https:\/\/www.dls-kleemann.de\/?page_id=294"},"modified":"2026-03-11T22:19:15","modified_gmt":"2026-03-11T21:19:15","slug":"news-info","status":"publish","type":"page","link":"https:\/\/www.dls-kleemann.de\/?page_id=294","title":{"rendered":"News \/ Info"},"content":{"rendered":"\n<p>Neu im Portfolio der DLS-Kleemann<\/p>\n\n\n\n<p>Luftbild und Videoaufnahmen mit unseren Drohnen<\/p>\n\n\n\n<p>Der Einsatz von Drohnen bietet Ihnen die M\u00f6glichkeit ihr Objekt aus der Vogelperspektive zu betrachten. Wir erstellen individuell nach Kundenwunsch Luftbilder und auch Videos mit einer maximalen Aufnahmezeit von 18 Min mit einer unser Drohen wie die DJI Mini 5 Pro.<\/p>\n\n\n\n<figure class=\"wp-block-gallery has-nested-images columns-default is-cropped wp-block-gallery-1 is-layout-flex wp-block-gallery-is-layout-flex\">\n<figure class=\"wp-block-image size-full\"><img loading=\"lazy\" decoding=\"async\" width=\"2560\" height=\"1097\" data-id=\"439\" src=\"https:\/\/www.dls-kleemann.de\/wp-content\/uploads\/2026\/03\/DJI_Mini_5_Pro_2-scaled.jpeg\" alt=\"DJI_Mini_5_Pro_2\" class=\"wp-image-439\" srcset=\"https:\/\/www.dls-kleemann.de\/wp-content\/uploads\/2026\/03\/DJI_Mini_5_Pro_2-scaled.jpeg 2560w, https:\/\/www.dls-kleemann.de\/wp-content\/uploads\/2026\/03\/DJI_Mini_5_Pro_2-300x129.jpeg 300w, https:\/\/www.dls-kleemann.de\/wp-content\/uploads\/2026\/03\/DJI_Mini_5_Pro_2-1024x439.jpeg 1024w, https:\/\/www.dls-kleemann.de\/wp-content\/uploads\/2026\/03\/DJI_Mini_5_Pro_2-768x329.jpeg 768w, https:\/\/www.dls-kleemann.de\/wp-content\/uploads\/2026\/03\/DJI_Mini_5_Pro_2-1536x658.jpeg 1536w, https:\/\/www.dls-kleemann.de\/wp-content\/uploads\/2026\/03\/DJI_Mini_5_Pro_2-2048x878.jpeg 2048w\" sizes=\"auto, (max-width: 767px) 89vw, (max-width: 1000px) 54vw, (max-width: 1071px) 543px, 580px\" \/><\/figure>\n<\/figure>\n\n\n\n<p>Bildaufnahmen mit bis zu 50 MP und Videos in 4K sind bei der Neuen DJI Mini 5 Pro m\u00f6glich.<\/p>\n\n\n\n<p>Unsere Piloten sind von der <a href=\"https:\/\/www.easa.europa.eu\/en\/light\/topics\/drones\">Europ\u00e4ischen Agentur f\u00fcr Flugsicherheit<\/a>, kurz EASA zertifiziert. Grunds\u00e4tzlich fliegen wir f\u00fcr Ihre Luftbildaufnahmen \u00fcberall, jedoch gibt es gesetzliche Auflagen die uns nicht \u00fcberall aufsteigen lassen. Sogenannte \u201eNo-Fly-Zonen\u201c oder \u201eFlugverbotszonen\u201c werden jederzeit respektiert und im Vorfeld durch uns \u00fcberpr\u00fcft. Weitere Info\u2019s diesbez\u00fcglich finden Sie auf der offiziellen Seite des <a href=\"https:\/\/www.bmv.de\/SharedDocs\/DE\/Artikel\/LF\/drohnen.html\">Bundesministeriums f\u00fcr Verkehr und digitale Infrastruktur<\/a>. Sicherheit, als auch die Privatsph\u00e4re Ihrer Nachbarn, haben f\u00fcr uns die oberste Priorit\u00e4t Des Weiteren k\u00fcmmern wir uns vor dem Flug um alle erforderlichen Genehmigungen.<\/p>\n\n\n\n<p>Haben wir Ihr Interesse geweckt? <\/p>\n\n\n\n<p>Dann kontaktiere sie uns \u00fcber unser <a href=\"https:\/\/www.dls-kleemann.de\/?page_id=71\">Kontaktformular<\/a>.<\/p>\n\n\n\n<ul class=\"wp-block-list\">\n<li><\/li>\n<\/ul>\n\n\n\n<p><\/p>\n","protected":false},"excerpt":{"rendered":"<p>Neu im Portfolio der DLS-Kleemann Luftbild und Videoaufnahmen mit unseren Drohnen Der Einsatz von Drohnen bietet Ihnen die M\u00f6glichkeit ihr Objekt aus der Vogelperspektive zu betrachten. Wir erstellen individuell nach Kundenwunsch Luftbilder und auch Videos mit einer maximalen Aufnahmezeit von 18 Min mit einer unser Drohen wie die DJI Mini 5 Pro. Bildaufnahmen mit bis &hellip; <\/p>\n<p class=\"link-more\"><a href=\"https:\/\/www.dls-kleemann.de\/?page_id=294\" class=\"more-link\"><span class=\"screen-reader-text\">\u201eNews \/ Info\u201c <\/span>weiterlesen<\/a><\/p>\n","protected":false},"author":2,"featured_media":0,"parent":0,"menu_order":0,"comment_status":"closed","ping_status":"closed","template":"","meta":{"footnotes":""},"class_list":["post-294","page","type-page","status-publish","hentry"],"_links":{"self":[{"href":"https:\/\/www.dls-kleemann.de\/index.php?rest_route=\/wp\/v2\/pages\/294","targetHints":{"allow":["GET"]}}],"collection":[{"href":"https:\/\/www.dls-kleemann.de\/index.php?rest_route=\/wp\/v2\/pages"}],"about":[{"href":"https:\/\/www.dls-kleemann.de\/index.php?rest_route=\/wp\/v2\/types\/page"}],"author":[{"embeddable":true,"href":"https:\/\/www.dls-kleemann.de\/index.php?rest_route=\/wp\/v2\/users\/2"}],"replies":[{"embeddable":true,"href":"https:\/\/www.dls-kleemann.de\/index.php?rest_route=%2Fwp%2Fv2%2Fcomments&post=294"}],"version-history":[{"count":7,"href":"https:\/\/www.dls-kleemann.de\/index.php?rest_route=\/wp\/v2\/pages\/294\/revisions"}],"predecessor-version":[{"id":450,"href":"https:\/\/www.dls-kleemann.de\/index.php?rest_route=\/wp\/v2\/pages\/294\/revisions\/450"}],"wp:attachment":[{"href":"https:\/\/www.dls-kleemann.de\/index.php?rest_route=%2Fwp%2Fv2%2Fmedia&parent=294"}],"curies":[{"name":"wp","href":"https:\/\/api.w.org\/{rel}","templated":true}]}}