{"id":39,"date":"2019-06-11T11:30:16","date_gmt":"2019-06-11T10:30:16","guid":{"rendered":"https:\/\/www.dls-kleemann.de\/?page_id=39"},"modified":"2022-01-14T08:39:05","modified_gmt":"2022-01-14T07:39:05","slug":"dienstleistungsservice-kleemann","status":"publish","type":"page","link":"https:\/\/www.dls-kleemann.de\/","title":{"rendered":"Dienstleistungsservice Kleemann"},"content":{"rendered":"\n<p>Wir freuen uns, dass Sie sich die Zeit genommen haben, unseren Internetauftritt zu besuchen, um mehr \u00fcber uns zu erfahren.<\/p>\n\n\n\n<p>Unsere Themenseiten werden regelm\u00e4\u00dfig aktualisiert, um Ihnen den bestm\u00f6glichen Service anbieten zu k\u00f6nnen. Sollten Sie trotzdem keine Antwort auf Ihre Fragen finden oder mehr \u00fcber unsere Leistungen und Services erfahren m\u00f6chten, stehen wir Ihnen selbstverst\u00e4ndlich jederzeit telefonisch oder <a href=\"https:\/\/www.dls-kleemann.de\/?page_id=71\">elektronisch<\/a> zur Verf\u00fcgung.<\/p>\n\n\n\n<p class=\"has-text-align-center\"><\/p>\n\n\n\n<p>Wir freuen uns auf Ihren Besuch.<\/p>\n\n\n\n<p>Ihr Team von DLS Kleemann<\/p>\n","protected":false},"excerpt":{"rendered":"<p>Wir freuen uns, dass Sie sich die Zeit genommen haben, unseren Internetauftritt zu besuchen, um mehr \u00fcber uns zu erfahren. Unsere Themenseiten werden regelm\u00e4\u00dfig aktualisiert, um Ihnen den bestm\u00f6glichen Service anbieten zu k\u00f6nnen. Sollten Sie trotzdem keine Antwort auf Ihre Fragen finden oder mehr \u00fcber unsere Leistungen und Services erfahren m\u00f6chten, stehen wir Ihnen selbstverst\u00e4ndlich &hellip; <\/p>\n<p class=\"link-more\"><a href=\"https:\/\/www.dls-kleemann.de\/\" class=\"more-link\"><span class=\"screen-reader-text\">\u201eDienstleistungsservice Kleemann\u201c <\/span>weiterlesen<\/a><\/p>\n","protected":false},"author":2,"featured_media":0,"parent":0,"menu_order":0,"comment_status":"closed","ping_status":"closed","template":"","meta":{"footnotes":""},"class_list":["post-39","page","type-page","status-publish","hentry"],"_links":{"self":[{"href":"https:\/\/www.dls-kleemann.de\/index.php?rest_route=\/wp\/v2\/pages\/39","targetHints":{"allow":["GET"]}}],"collection":[{"href":"https:\/\/www.dls-kleemann.de\/index.php?rest_route=\/wp\/v2\/pages"}],"about":[{"href":"https:\/\/www.dls-kleemann.de\/index.php?rest_route=\/wp\/v2\/types\/page"}],"author":[{"embeddable":true,"href":"https:\/\/www.dls-kleemann.de\/index.php?rest_route=\/wp\/v2\/users\/2"}],"replies":[{"embeddable":true,"href":"https:\/\/www.dls-kleemann.de\/index.php?rest_route=%2Fwp%2Fv2%2Fcomments&post=39"}],"version-history":[{"count":0,"href":"https:\/\/www.dls-kleemann.de\/index.php?rest_route=\/wp\/v2\/pages\/39\/revisions"}],"wp:attachment":[{"href":"https:\/\/www.dls-kleemann.de\/index.php?rest_route=%2Fwp%2Fv2%2Fmedia&parent=39"}],"curies":[{"name":"wp","href":"https:\/\/api.w.org\/{rel}","templated":true}]}}